{"id":2,"date":"2024-09-25T20:53:46","date_gmt":"2024-09-25T18:53:46","guid":{"rendered":"https:\/\/tekniktavlingen.chalmers.se\/baggeboskolan\/?page_id=2"},"modified":"2025-11-18T09:19:08","modified_gmt":"2025-11-18T08:19:08","slug":"exempelsida","status":"publish","type":"page","link":"https:\/\/tekniktavlingen.chalmers.se\/baggeboskolan\/","title":{"rendered":"Startsidan"},"content":{"rendered":"\n<div class=\"wp-block-media-text alignfull is-stacked-on-mobile is-image-fill has-base-2-color has-accent-background-color has-text-color has-background has-link-color wp-elements-74654cc3e299afb5aa192117205261f4\"><figure class=\"wp-block-media-text__media\" style=\"background-image:url(https:\/\/tekniktavlingen.chalmers.se\/baggeboskolan\/wp-content\/uploads\/sites\/268\/2025\/11\/designa-framtidens-vaska-1024x576.png);background-position:50% 50%\"><img loading=\"lazy\" decoding=\"async\" width=\"1024\" height=\"576\" src=\"https:\/\/tekniktavlingen.chalmers.se\/baggeboskolan\/wp-content\/uploads\/sites\/268\/2025\/11\/designa-framtidens-vaska-1024x576.png\" alt=\"Illustration representation av framtidens v\u00e4skor\" class=\"wp-image-270 size-full\" srcset=\"https:\/\/tekniktavlingen.chalmers.se\/baggeboskolan\/wp-content\/uploads\/sites\/268\/2025\/11\/designa-framtidens-vaska-1024x576.png 1024w, https:\/\/tekniktavlingen.chalmers.se\/baggeboskolan\/wp-content\/uploads\/sites\/268\/2025\/11\/designa-framtidens-vaska-300x169.png 300w, https:\/\/tekniktavlingen.chalmers.se\/baggeboskolan\/wp-content\/uploads\/sites\/268\/2025\/11\/designa-framtidens-vaska-768x432.png 768w, https:\/\/tekniktavlingen.chalmers.se\/baggeboskolan\/wp-content\/uploads\/sites\/268\/2025\/11\/designa-framtidens-vaska-1536x864.png 1536w, https:\/\/tekniktavlingen.chalmers.se\/baggeboskolan\/wp-content\/uploads\/sites\/268\/2025\/11\/designa-framtidens-vaska.png 1921w\" sizes=\"auto, (max-width: 1024px) 100vw, 1024px\" \/><\/figure><div class=\"wp-block-media-text__content\">\n<div class=\"wp-block-group has-global-padding is-content-justification-left is-layout-constrained wp-container-core-group-is-layout-ed581a62 wp-block-group-is-layout-constrained\" style=\"padding-top:var(--wp--preset--spacing--30);padding-right:0;padding-bottom:var(--wp--preset--spacing--30);padding-left:0\">\n<div style=\"height:10px\" aria-hidden=\"true\" class=\"wp-block-spacer\"><\/div>\n\n\n\n<h1 class=\"wp-block-heading has-base-2-color has-text-color has-link-color wp-elements-0abec6448edfd37b3b1219a36ac63efe\">Designa framtidens v\u00e4ska<\/h1>\n\n\n\n<p>H\u00e4r visas t\u00e4vlingsbidrag fr\u00e5n Baggeboskolan, Tibro.<\/p>\n\n\n\n<div style=\"height:10px\" aria-hidden=\"true\" class=\"wp-block-spacer\"><\/div>\n<\/div>\n<\/div><\/div>\n\n\n\n<div style=\"height:30px\" aria-hidden=\"true\" class=\"wp-block-spacer\"><\/div>\n\n\n\n<div class=\"wp-block-group alignwide is-layout-flow wp-block-group-is-layout-flow\"><div class=\"list-recent-posts\"><h2>Alla bidrag fr\u00e5n Baggeboskolan, Tibro<\/h2><div class=\"recent-posts-grid\"><a href=\"https:\/\/tekniktavlingen.chalmers.se\/baggeboskolan\/2025\/12\/18\/oktobess\/\" class=\"recent-post-item\"><div class=\"recent-post-img\"><img loading=\"lazy\" decoding=\"async\" width=\"1024\" height=\"768\" src=\"https:\/\/tekniktavlingen.chalmers.se\/baggeboskolan\/wp-content\/uploads\/sites\/268\/2025\/12\/IMG_0483-1024x768.jpeg\" class=\"attachment-large size-large wp-post-image\" alt=\"\" srcset=\"https:\/\/tekniktavlingen.chalmers.se\/baggeboskolan\/wp-content\/uploads\/sites\/268\/2025\/12\/IMG_0483-1024x768.jpeg 1024w, https:\/\/tekniktavlingen.chalmers.se\/baggeboskolan\/wp-content\/uploads\/sites\/268\/2025\/12\/IMG_0483-300x225.jpeg 300w, https:\/\/tekniktavlingen.chalmers.se\/baggeboskolan\/wp-content\/uploads\/sites\/268\/2025\/12\/IMG_0483-768x576.jpeg 768w, https:\/\/tekniktavlingen.chalmers.se\/baggeboskolan\/wp-content\/uploads\/sites\/268\/2025\/12\/IMG_0483-1536x1152.jpeg 1536w, https:\/\/tekniktavlingen.chalmers.se\/baggeboskolan\/wp-content\/uploads\/sites\/268\/2025\/12\/IMG_0483-2048x1536.jpeg 2048w\" sizes=\"auto, (max-width: 1024px) 100vw, 1024px\" \/><\/div><div class=\"recent-post-content\"><h3>Oktobess<\/h3><span class=\"arrow-icon\" aria-hidden=\"true\"><svg width=\"24\" height=\"24\" fill=\"none\" xmlns=\"http:\/\/www.w3.org\/2000\/svg\"><path d=\"M12 4l8 8-8 8M4 12h16\" stroke=\"#000\" stroke-width=\"2\" stroke-linecap=\"round\" stroke-linejoin=\"round\"\/><\/svg><\/span><\/div><\/a><a href=\"https:\/\/tekniktavlingen.chalmers.se\/baggeboskolan\/2025\/12\/18\/rosalila-vaskan\/\" class=\"recent-post-item\"><div class=\"recent-post-img\"><img loading=\"lazy\" decoding=\"async\" width=\"687\" height=\"428\" src=\"https:\/\/tekniktavlingen.chalmers.se\/baggeboskolan\/wp-content\/uploads\/sites\/268\/2025\/12\/IMG_0360.jpg\" class=\"attachment-large size-large wp-post-image\" alt=\"\" \/><\/div><div class=\"recent-post-content\"><h3>Rosalila v\u00e4skan<\/h3><span class=\"arrow-icon\" aria-hidden=\"true\"><svg width=\"24\" height=\"24\" fill=\"none\" xmlns=\"http:\/\/www.w3.org\/2000\/svg\"><path d=\"M12 4l8 8-8 8M4 12h16\" stroke=\"#000\" stroke-width=\"2\" stroke-linecap=\"round\" stroke-linejoin=\"round\"\/><\/svg><\/span><\/div><\/a><a href=\"https:\/\/tekniktavlingen.chalmers.se\/baggeboskolan\/2025\/12\/18\/allra-snyggaste-vaskan-for-framtiden\/\" class=\"recent-post-item\"><div class=\"recent-post-img\"><img loading=\"lazy\" decoding=\"async\" width=\"1024\" height=\"768\" src=\"https:\/\/tekniktavlingen.chalmers.se\/baggeboskolan\/wp-content\/uploads\/sites\/268\/2025\/11\/GetImage-1024x768.jpeg\" class=\"attachment-large size-large wp-post-image\" alt=\"\" srcset=\"https:\/\/tekniktavlingen.chalmers.se\/baggeboskolan\/wp-content\/uploads\/sites\/268\/2025\/11\/GetImage-1024x768.jpeg 1024w, https:\/\/tekniktavlingen.chalmers.se\/baggeboskolan\/wp-content\/uploads\/sites\/268\/2025\/11\/GetImage-300x225.jpeg 300w, https:\/\/tekniktavlingen.chalmers.se\/baggeboskolan\/wp-content\/uploads\/sites\/268\/2025\/11\/GetImage-768x576.jpeg 768w, https:\/\/tekniktavlingen.chalmers.se\/baggeboskolan\/wp-content\/uploads\/sites\/268\/2025\/11\/GetImage-1536x1152.jpeg 1536w, https:\/\/tekniktavlingen.chalmers.se\/baggeboskolan\/wp-content\/uploads\/sites\/268\/2025\/11\/GetImage-2048x1536.jpeg 2048w\" sizes=\"auto, (max-width: 1024px) 100vw, 1024px\" \/><\/div><div class=\"recent-post-content\"><h3>Allra snyggaste v\u00e4skan f\u00f6r framtiden<\/h3><span class=\"arrow-icon\" aria-hidden=\"true\"><svg width=\"24\" height=\"24\" fill=\"none\" xmlns=\"http:\/\/www.w3.org\/2000\/svg\"><path d=\"M12 4l8 8-8 8M4 12h16\" stroke=\"#000\" stroke-width=\"2\" stroke-linecap=\"round\" stroke-linejoin=\"round\"\/><\/svg><\/span><\/div><\/a><\/div><\/div>\n<\/div>\n\n\n\n<p><\/p>\n","protected":false},"excerpt":{"rendered":"","protected":false},"author":3,"featured_media":0,"parent":0,"menu_order":0,"comment_status":"closed","ping_status":"open","template":"","meta":{"_themeisle_gutenberg_block_has_review":false,"footnotes":""},"class_list":["post-2","page","type-page","status-publish","hentry"],"_links":{"self":[{"href":"https:\/\/tekniktavlingen.chalmers.se\/baggeboskolan\/wp-json\/wp\/v2\/pages\/2","targetHints":{"allow":["GET"]}}],"collection":[{"href":"https:\/\/tekniktavlingen.chalmers.se\/baggeboskolan\/wp-json\/wp\/v2\/pages"}],"about":[{"href":"https:\/\/tekniktavlingen.chalmers.se\/baggeboskolan\/wp-json\/wp\/v2\/types\/page"}],"author":[{"embeddable":true,"href":"https:\/\/tekniktavlingen.chalmers.se\/baggeboskolan\/wp-json\/wp\/v2\/users\/3"}],"replies":[{"embeddable":true,"href":"https:\/\/tekniktavlingen.chalmers.se\/baggeboskolan\/wp-json\/wp\/v2\/comments?post=2"}],"version-history":[{"count":27,"href":"https:\/\/tekniktavlingen.chalmers.se\/baggeboskolan\/wp-json\/wp\/v2\/pages\/2\/revisions"}],"predecessor-version":[{"id":271,"href":"https:\/\/tekniktavlingen.chalmers.se\/baggeboskolan\/wp-json\/wp\/v2\/pages\/2\/revisions\/271"}],"wp:attachment":[{"href":"https:\/\/tekniktavlingen.chalmers.se\/baggeboskolan\/wp-json\/wp\/v2\/media?parent=2"}],"curies":[{"name":"wp","href":"https:\/\/api.w.org\/{rel}","templated":true}]}}