{"id":2,"date":"2024-09-25T20:53:46","date_gmt":"2024-09-25T18:53:46","guid":{"rendered":"https:\/\/tekniktavlingen.chalmers.se\/fridaskolanvanersborg\/?page_id=2"},"modified":"2025-11-18T09:19:08","modified_gmt":"2025-11-18T08:19:08","slug":"exempelsida","status":"publish","type":"page","link":"https:\/\/tekniktavlingen.chalmers.se\/fridaskolanvanersborg\/","title":{"rendered":"Startsidan"},"content":{"rendered":"\n<div class=\"wp-block-media-text alignfull is-stacked-on-mobile is-image-fill has-base-2-color has-accent-background-color has-text-color has-background has-link-color wp-elements-fcd1c6c921324242132a34fb5ac7ac63\"><figure class=\"wp-block-media-text__media\" style=\"background-image:url(https:\/\/tekniktavlingen.chalmers.se\/fridaskolanvanersborg\/wp-content\/uploads\/sites\/306\/2025\/11\/designa-framtidens-vaska-1024x576.png);background-position:50% 50%\"><img loading=\"lazy\" decoding=\"async\" width=\"1024\" height=\"576\" src=\"https:\/\/tekniktavlingen.chalmers.se\/fridaskolanvanersborg\/wp-content\/uploads\/sites\/306\/2025\/11\/designa-framtidens-vaska-1024x576.png\" alt=\"Illustration representation av framtidens v\u00e4skor\" class=\"wp-image-270 size-full\" srcset=\"https:\/\/tekniktavlingen.chalmers.se\/fridaskolanvanersborg\/wp-content\/uploads\/sites\/306\/2025\/11\/designa-framtidens-vaska-1024x576.png 1024w, https:\/\/tekniktavlingen.chalmers.se\/fridaskolanvanersborg\/wp-content\/uploads\/sites\/306\/2025\/11\/designa-framtidens-vaska-300x169.png 300w, https:\/\/tekniktavlingen.chalmers.se\/fridaskolanvanersborg\/wp-content\/uploads\/sites\/306\/2025\/11\/designa-framtidens-vaska-768x432.png 768w, https:\/\/tekniktavlingen.chalmers.se\/fridaskolanvanersborg\/wp-content\/uploads\/sites\/306\/2025\/11\/designa-framtidens-vaska-1536x864.png 1536w, https:\/\/tekniktavlingen.chalmers.se\/fridaskolanvanersborg\/wp-content\/uploads\/sites\/306\/2025\/11\/designa-framtidens-vaska.png 1921w\" sizes=\"auto, (max-width: 1024px) 100vw, 1024px\" \/><\/figure><div class=\"wp-block-media-text__content\">\n<div class=\"wp-block-group has-global-padding is-content-justification-left is-layout-constrained wp-container-core-group-is-layout-ed581a62 wp-block-group-is-layout-constrained\" style=\"padding-top:var(--wp--preset--spacing--30);padding-right:0;padding-bottom:var(--wp--preset--spacing--30);padding-left:0\">\n<div style=\"height:10px\" aria-hidden=\"true\" class=\"wp-block-spacer\"><\/div>\n\n\n\n<h1 class=\"wp-block-heading has-base-2-color has-text-color has-link-color wp-elements-0abec6448edfd37b3b1219a36ac63efe\">Designa framtidens v\u00e4ska<\/h1>\n\n\n\n<p>H\u00e4r visas t\u00e4vlingsbidrag fr\u00e5n Fridaskolan, V\u00e4nersborg.<\/p>\n\n\n\n<div style=\"height:10px\" aria-hidden=\"true\" class=\"wp-block-spacer\"><\/div>\n<\/div>\n<\/div><\/div>\n\n\n\n<div style=\"height:30px\" aria-hidden=\"true\" class=\"wp-block-spacer\"><\/div>\n\n\n\n<div class=\"wp-block-group alignwide is-layout-flow wp-block-group-is-layout-flow\"><div class=\"list-recent-posts\"><h2>Alla bidrag fr\u00e5n Fridaskolan, V\u00e4nersborg<\/h2><div class=\"recent-posts-grid\"><a href=\"https:\/\/tekniktavlingen.chalmers.se\/fridaskolanvanersborg\/2025\/12\/19\/cn-framtidens-vaska\/\" class=\"recent-post-item\"><div class=\"recent-post-img\"><img loading=\"lazy\" decoding=\"async\" width=\"1024\" height=\"1013\" src=\"https:\/\/tekniktavlingen.chalmers.se\/fridaskolanvanersborg\/wp-content\/uploads\/sites\/306\/2025\/12\/Bild-Carina-Nehal-1024x1013.jpg\" class=\"attachment-large size-large wp-post-image\" alt=\"\" srcset=\"https:\/\/tekniktavlingen.chalmers.se\/fridaskolanvanersborg\/wp-content\/uploads\/sites\/306\/2025\/12\/Bild-Carina-Nehal-1024x1013.jpg 1024w, https:\/\/tekniktavlingen.chalmers.se\/fridaskolanvanersborg\/wp-content\/uploads\/sites\/306\/2025\/12\/Bild-Carina-Nehal-300x297.jpg 300w, https:\/\/tekniktavlingen.chalmers.se\/fridaskolanvanersborg\/wp-content\/uploads\/sites\/306\/2025\/12\/Bild-Carina-Nehal-768x760.jpg 768w, https:\/\/tekniktavlingen.chalmers.se\/fridaskolanvanersborg\/wp-content\/uploads\/sites\/306\/2025\/12\/Bild-Carina-Nehal-1536x1520.jpg 1536w, https:\/\/tekniktavlingen.chalmers.se\/fridaskolanvanersborg\/wp-content\/uploads\/sites\/306\/2025\/12\/Bild-Carina-Nehal-2048x2026.jpg 2048w\" sizes=\"auto, (max-width: 1024px) 100vw, 1024px\" \/><\/div><div class=\"recent-post-content\"><h3>C&amp;N &#8211; Framtidens v\u00e4ska<\/h3><span class=\"arrow-icon\" aria-hidden=\"true\"><svg width=\"24\" height=\"24\" fill=\"none\" xmlns=\"http:\/\/www.w3.org\/2000\/svg\"><path d=\"M12 4l8 8-8 8M4 12h16\" stroke=\"#000\" stroke-width=\"2\" stroke-linecap=\"round\" stroke-linejoin=\"round\"\/><\/svg><\/span><\/div><\/a><a href=\"https:\/\/tekniktavlingen.chalmers.se\/fridaskolanvanersborg\/2025\/12\/19\/rvh-framtidens-vaska\/\" class=\"recent-post-item\"><div class=\"recent-post-img\"><img loading=\"lazy\" decoding=\"async\" width=\"663\" height=\"1024\" src=\"https:\/\/tekniktavlingen.chalmers.se\/fridaskolanvanersborg\/wp-content\/uploads\/sites\/306\/2025\/12\/Bild-Hugo-Robin-Vincent-663x1024.jpg\" class=\"attachment-large size-large wp-post-image\" alt=\"\" srcset=\"https:\/\/tekniktavlingen.chalmers.se\/fridaskolanvanersborg\/wp-content\/uploads\/sites\/306\/2025\/12\/Bild-Hugo-Robin-Vincent-663x1024.jpg 663w, https:\/\/tekniktavlingen.chalmers.se\/fridaskolanvanersborg\/wp-content\/uploads\/sites\/306\/2025\/12\/Bild-Hugo-Robin-Vincent-194x300.jpg 194w, https:\/\/tekniktavlingen.chalmers.se\/fridaskolanvanersborg\/wp-content\/uploads\/sites\/306\/2025\/12\/Bild-Hugo-Robin-Vincent-768x1187.jpg 768w, https:\/\/tekniktavlingen.chalmers.se\/fridaskolanvanersborg\/wp-content\/uploads\/sites\/306\/2025\/12\/Bild-Hugo-Robin-Vincent-994x1536.jpg 994w, https:\/\/tekniktavlingen.chalmers.se\/fridaskolanvanersborg\/wp-content\/uploads\/sites\/306\/2025\/12\/Bild-Hugo-Robin-Vincent-1325x2048.jpg 1325w, https:\/\/tekniktavlingen.chalmers.se\/fridaskolanvanersborg\/wp-content\/uploads\/sites\/306\/2025\/12\/Bild-Hugo-Robin-Vincent-scaled.jpg 1656w\" sizes=\"auto, (max-width: 663px) 100vw, 663px\" \/><\/div><div class=\"recent-post-content\"><h3>RVH &#8211; Framtidens v\u00e4ska<\/h3><span class=\"arrow-icon\" aria-hidden=\"true\"><svg width=\"24\" height=\"24\" fill=\"none\" xmlns=\"http:\/\/www.w3.org\/2000\/svg\"><path d=\"M12 4l8 8-8 8M4 12h16\" stroke=\"#000\" stroke-width=\"2\" stroke-linecap=\"round\" stroke-linejoin=\"round\"\/><\/svg><\/span><\/div><\/a><a href=\"https:\/\/tekniktavlingen.chalmers.se\/fridaskolanvanersborg\/2025\/12\/19\/smart-pocket\/\" class=\"recent-post-item\"><div class=\"recent-post-img\"><img loading=\"lazy\" decoding=\"async\" width=\"1024\" height=\"841\" src=\"https:\/\/tekniktavlingen.chalmers.se\/fridaskolanvanersborg\/wp-content\/uploads\/sites\/306\/2025\/12\/Bild-2-Silin-Helmy-1024x841.jpg\" class=\"attachment-large size-large wp-post-image\" alt=\"\" srcset=\"https:\/\/tekniktavlingen.chalmers.se\/fridaskolanvanersborg\/wp-content\/uploads\/sites\/306\/2025\/12\/Bild-2-Silin-Helmy-1024x841.jpg 1024w, https:\/\/tekniktavlingen.chalmers.se\/fridaskolanvanersborg\/wp-content\/uploads\/sites\/306\/2025\/12\/Bild-2-Silin-Helmy-300x246.jpg 300w, https:\/\/tekniktavlingen.chalmers.se\/fridaskolanvanersborg\/wp-content\/uploads\/sites\/306\/2025\/12\/Bild-2-Silin-Helmy-768x631.jpg 768w, https:\/\/tekniktavlingen.chalmers.se\/fridaskolanvanersborg\/wp-content\/uploads\/sites\/306\/2025\/12\/Bild-2-Silin-Helmy-1536x1261.jpg 1536w, https:\/\/tekniktavlingen.chalmers.se\/fridaskolanvanersborg\/wp-content\/uploads\/sites\/306\/2025\/12\/Bild-2-Silin-Helmy-2048x1682.jpg 2048w\" sizes=\"auto, (max-width: 1024px) 100vw, 1024px\" \/><\/div><div class=\"recent-post-content\"><h3>Smart Pocket<\/h3><span class=\"arrow-icon\" aria-hidden=\"true\"><svg width=\"24\" height=\"24\" fill=\"none\" xmlns=\"http:\/\/www.w3.org\/2000\/svg\"><path d=\"M12 4l8 8-8 8M4 12h16\" stroke=\"#000\" stroke-width=\"2\" stroke-linecap=\"round\" stroke-linejoin=\"round\"\/><\/svg><\/span><\/div><\/a><a href=\"https:\/\/tekniktavlingen.chalmers.se\/fridaskolanvanersborg\/2025\/12\/19\/den-elektriska-framtidsvaskan\/\" class=\"recent-post-item\"><div class=\"recent-post-img\"><img loading=\"lazy\" decoding=\"async\" width=\"722\" height=\"1024\" src=\"https:\/\/tekniktavlingen.chalmers.se\/fridaskolanvanersborg\/wp-content\/uploads\/sites\/306\/2025\/12\/Bild-2-Axel-Gustav-722x1024.jpg\" class=\"attachment-large size-large wp-post-image\" alt=\"\" srcset=\"https:\/\/tekniktavlingen.chalmers.se\/fridaskolanvanersborg\/wp-content\/uploads\/sites\/306\/2025\/12\/Bild-2-Axel-Gustav-722x1024.jpg 722w, https:\/\/tekniktavlingen.chalmers.se\/fridaskolanvanersborg\/wp-content\/uploads\/sites\/306\/2025\/12\/Bild-2-Axel-Gustav-212x300.jpg 212w, https:\/\/tekniktavlingen.chalmers.se\/fridaskolanvanersborg\/wp-content\/uploads\/sites\/306\/2025\/12\/Bild-2-Axel-Gustav-768x1089.jpg 768w, https:\/\/tekniktavlingen.chalmers.se\/fridaskolanvanersborg\/wp-content\/uploads\/sites\/306\/2025\/12\/Bild-2-Axel-Gustav-1083x1536.jpg 1083w, https:\/\/tekniktavlingen.chalmers.se\/fridaskolanvanersborg\/wp-content\/uploads\/sites\/306\/2025\/12\/Bild-2-Axel-Gustav-1445x2048.jpg 1445w, https:\/\/tekniktavlingen.chalmers.se\/fridaskolanvanersborg\/wp-content\/uploads\/sites\/306\/2025\/12\/Bild-2-Axel-Gustav-scaled.jpg 1806w\" sizes=\"auto, (max-width: 722px) 100vw, 722px\" \/><\/div><div class=\"recent-post-content\"><h3>Den elektriska framtidsv\u00e4skan<\/h3><span class=\"arrow-icon\" aria-hidden=\"true\"><svg width=\"24\" height=\"24\" fill=\"none\" xmlns=\"http:\/\/www.w3.org\/2000\/svg\"><path d=\"M12 4l8 8-8 8M4 12h16\" stroke=\"#000\" stroke-width=\"2\" stroke-linecap=\"round\" stroke-linejoin=\"round\"\/><\/svg><\/span><\/div><\/a><\/div><\/div>\n<\/div>\n\n\n\n<p><\/p>\n","protected":false},"excerpt":{"rendered":"","protected":false},"author":3,"featured_media":0,"parent":0,"menu_order":0,"comment_status":"closed","ping_status":"open","template":"","meta":{"_themeisle_gutenberg_block_has_review":false,"footnotes":""},"class_list":["post-2","page","type-page","status-publish","hentry"],"_links":{"self":[{"href":"https:\/\/tekniktavlingen.chalmers.se\/fridaskolanvanersborg\/wp-json\/wp\/v2\/pages\/2","targetHints":{"allow":["GET"]}}],"collection":[{"href":"https:\/\/tekniktavlingen.chalmers.se\/fridaskolanvanersborg\/wp-json\/wp\/v2\/pages"}],"about":[{"href":"https:\/\/tekniktavlingen.chalmers.se\/fridaskolanvanersborg\/wp-json\/wp\/v2\/types\/page"}],"author":[{"embeddable":true,"href":"https:\/\/tekniktavlingen.chalmers.se\/fridaskolanvanersborg\/wp-json\/wp\/v2\/users\/3"}],"replies":[{"embeddable":true,"href":"https:\/\/tekniktavlingen.chalmers.se\/fridaskolanvanersborg\/wp-json\/wp\/v2\/comments?post=2"}],"version-history":[{"count":27,"href":"https:\/\/tekniktavlingen.chalmers.se\/fridaskolanvanersborg\/wp-json\/wp\/v2\/pages\/2\/revisions"}],"predecessor-version":[{"id":271,"href":"https:\/\/tekniktavlingen.chalmers.se\/fridaskolanvanersborg\/wp-json\/wp\/v2\/pages\/2\/revisions\/271"}],"wp:attachment":[{"href":"https:\/\/tekniktavlingen.chalmers.se\/fridaskolanvanersborg\/wp-json\/wp\/v2\/media?parent=2"}],"curies":[{"name":"wp","href":"https:\/\/api.w.org\/{rel}","templated":true}]}}