{"id":2,"date":"2024-09-25T20:53:46","date_gmt":"2024-09-25T18:53:46","guid":{"rendered":"https:\/\/tekniktavlingen.chalmers.se\/vittrakronhusparken\/?page_id=2"},"modified":"2025-11-18T09:19:08","modified_gmt":"2025-11-18T08:19:08","slug":"exempelsida","status":"publish","type":"page","link":"https:\/\/tekniktavlingen.chalmers.se\/vittrakronhusparken\/","title":{"rendered":"Startsidan"},"content":{"rendered":"\n<div class=\"wp-block-media-text alignfull is-stacked-on-mobile is-image-fill has-base-2-color has-accent-background-color has-text-color has-background has-link-color wp-elements-f2fa5f391381bf1951308c3ab176c0cf\"><figure class=\"wp-block-media-text__media\" style=\"background-image:url(https:\/\/tekniktavlingen.chalmers.se\/vittrakronhusparken\/wp-content\/uploads\/sites\/403\/2025\/11\/designa-framtidens-vaska-1024x576.png);background-position:50% 50%\"><img loading=\"lazy\" decoding=\"async\" width=\"1024\" height=\"576\" src=\"https:\/\/tekniktavlingen.chalmers.se\/vittrakronhusparken\/wp-content\/uploads\/sites\/403\/2025\/11\/designa-framtidens-vaska-1024x576.png\" alt=\"Illustration representation av framtidens v\u00e4skor\" class=\"wp-image-270 size-full\" srcset=\"https:\/\/tekniktavlingen.chalmers.se\/vittrakronhusparken\/wp-content\/uploads\/sites\/403\/2025\/11\/designa-framtidens-vaska-1024x576.png 1024w, https:\/\/tekniktavlingen.chalmers.se\/vittrakronhusparken\/wp-content\/uploads\/sites\/403\/2025\/11\/designa-framtidens-vaska-300x169.png 300w, https:\/\/tekniktavlingen.chalmers.se\/vittrakronhusparken\/wp-content\/uploads\/sites\/403\/2025\/11\/designa-framtidens-vaska-768x432.png 768w, https:\/\/tekniktavlingen.chalmers.se\/vittrakronhusparken\/wp-content\/uploads\/sites\/403\/2025\/11\/designa-framtidens-vaska-1536x864.png 1536w, https:\/\/tekniktavlingen.chalmers.se\/vittrakronhusparken\/wp-content\/uploads\/sites\/403\/2025\/11\/designa-framtidens-vaska.png 1921w\" sizes=\"auto, (max-width: 1024px) 100vw, 1024px\" \/><\/figure><div class=\"wp-block-media-text__content\">\n<div class=\"wp-block-group has-global-padding is-content-justification-left is-layout-constrained wp-container-core-group-is-layout-ed581a62 wp-block-group-is-layout-constrained\" style=\"padding-top:var(--wp--preset--spacing--30);padding-right:0;padding-bottom:var(--wp--preset--spacing--30);padding-left:0\">\n<div style=\"height:10px\" aria-hidden=\"true\" class=\"wp-block-spacer\"><\/div>\n\n\n\n<h1 class=\"wp-block-heading has-base-2-color has-text-color has-link-color wp-elements-0abec6448edfd37b3b1219a36ac63efe\">Designa framtidens v\u00e4ska<\/h1>\n\n\n\n<p>H\u00e4r visas t\u00e4vlingsbidrag fr\u00e5n Vittra Kronhusparken, G\u00f6teborg.<\/p>\n\n\n\n<div style=\"height:10px\" aria-hidden=\"true\" class=\"wp-block-spacer\"><\/div>\n<\/div>\n<\/div><\/div>\n\n\n\n<div style=\"height:30px\" aria-hidden=\"true\" class=\"wp-block-spacer\"><\/div>\n\n\n\n<div class=\"wp-block-group alignwide is-layout-flow wp-block-group-is-layout-flow\"><div class=\"list-recent-posts\"><h2>Alla bidrag fr\u00e5n Vittra Kronhusparken, G\u00f6teborg<\/h2><div class=\"recent-posts-grid\"><a href=\"https:\/\/tekniktavlingen.chalmers.se\/vittrakronhusparken\/2025\/12\/19\/en-radio-vaska\/\" class=\"recent-post-item\"><div class=\"recent-post-img\"><img loading=\"lazy\" decoding=\"async\" width=\"1024\" height=\"419\" src=\"https:\/\/tekniktavlingen.chalmers.se\/vittrakronhusparken\/wp-content\/uploads\/sites\/403\/2025\/12\/20251217_191910-1-1024x419.jpg\" class=\"attachment-large size-large wp-post-image\" alt=\"\" srcset=\"https:\/\/tekniktavlingen.chalmers.se\/vittrakronhusparken\/wp-content\/uploads\/sites\/403\/2025\/12\/20251217_191910-1-1024x419.jpg 1024w, https:\/\/tekniktavlingen.chalmers.se\/vittrakronhusparken\/wp-content\/uploads\/sites\/403\/2025\/12\/20251217_191910-1-300x123.jpg 300w, https:\/\/tekniktavlingen.chalmers.se\/vittrakronhusparken\/wp-content\/uploads\/sites\/403\/2025\/12\/20251217_191910-1-768x314.jpg 768w, https:\/\/tekniktavlingen.chalmers.se\/vittrakronhusparken\/wp-content\/uploads\/sites\/403\/2025\/12\/20251217_191910-1-1536x629.jpg 1536w, https:\/\/tekniktavlingen.chalmers.se\/vittrakronhusparken\/wp-content\/uploads\/sites\/403\/2025\/12\/20251217_191910-1-2048x839.jpg 2048w\" sizes=\"auto, (max-width: 1024px) 100vw, 1024px\" \/><\/div><div class=\"recent-post-content\"><h3>En radio v\u00e4ska<\/h3><span class=\"arrow-icon\" aria-hidden=\"true\"><svg width=\"24\" height=\"24\" fill=\"none\" xmlns=\"http:\/\/www.w3.org\/2000\/svg\"><path d=\"M12 4l8 8-8 8M4 12h16\" stroke=\"#000\" stroke-width=\"2\" stroke-linecap=\"round\" stroke-linejoin=\"round\"\/><\/svg><\/span><\/div><\/a><a href=\"https:\/\/tekniktavlingen.chalmers.se\/vittrakronhusparken\/2025\/12\/19\/vaskan-for-de-som-vill-synas\/\" class=\"recent-post-item\"><div class=\"recent-post-img\"><img loading=\"lazy\" decoding=\"async\" width=\"419\" height=\"1024\" src=\"https:\/\/tekniktavlingen.chalmers.se\/vittrakronhusparken\/wp-content\/uploads\/sites\/403\/2025\/12\/20251217_192545-419x1024.jpg\" class=\"attachment-large size-large wp-post-image\" alt=\"\" srcset=\"https:\/\/tekniktavlingen.chalmers.se\/vittrakronhusparken\/wp-content\/uploads\/sites\/403\/2025\/12\/20251217_192545-419x1024.jpg 419w, https:\/\/tekniktavlingen.chalmers.se\/vittrakronhusparken\/wp-content\/uploads\/sites\/403\/2025\/12\/20251217_192545-123x300.jpg 123w, https:\/\/tekniktavlingen.chalmers.se\/vittrakronhusparken\/wp-content\/uploads\/sites\/403\/2025\/12\/20251217_192545-768x1875.jpg 768w, https:\/\/tekniktavlingen.chalmers.se\/vittrakronhusparken\/wp-content\/uploads\/sites\/403\/2025\/12\/20251217_192545-629x1536.jpg 629w, https:\/\/tekniktavlingen.chalmers.se\/vittrakronhusparken\/wp-content\/uploads\/sites\/403\/2025\/12\/20251217_192545-839x2048.jpg 839w, https:\/\/tekniktavlingen.chalmers.se\/vittrakronhusparken\/wp-content\/uploads\/sites\/403\/2025\/12\/20251217_192545-scaled.jpg 1048w\" sizes=\"auto, (max-width: 419px) 100vw, 419px\" \/><\/div><div class=\"recent-post-content\"><h3>V\u00e4skan f\u00f6r de som vill synas<\/h3><span class=\"arrow-icon\" aria-hidden=\"true\"><svg width=\"24\" height=\"24\" fill=\"none\" xmlns=\"http:\/\/www.w3.org\/2000\/svg\"><path d=\"M12 4l8 8-8 8M4 12h16\" stroke=\"#000\" stroke-width=\"2\" stroke-linecap=\"round\" stroke-linejoin=\"round\"\/><\/svg><\/span><\/div><\/a><a href=\"https:\/\/tekniktavlingen.chalmers.se\/vittrakronhusparken\/2025\/12\/19\/my-cold-sun-journey\/\" class=\"recent-post-item\"><div class=\"recent-post-img\"><img loading=\"lazy\" decoding=\"async\" width=\"419\" height=\"1024\" src=\"https:\/\/tekniktavlingen.chalmers.se\/vittrakronhusparken\/wp-content\/uploads\/sites\/403\/2025\/11\/20251217_192319-419x1024.jpg\" class=\"attachment-large size-large wp-post-image\" alt=\"\" srcset=\"https:\/\/tekniktavlingen.chalmers.se\/vittrakronhusparken\/wp-content\/uploads\/sites\/403\/2025\/11\/20251217_192319-419x1024.jpg 419w, https:\/\/tekniktavlingen.chalmers.se\/vittrakronhusparken\/wp-content\/uploads\/sites\/403\/2025\/11\/20251217_192319-123x300.jpg 123w, https:\/\/tekniktavlingen.chalmers.se\/vittrakronhusparken\/wp-content\/uploads\/sites\/403\/2025\/11\/20251217_192319-768x1875.jpg 768w, https:\/\/tekniktavlingen.chalmers.se\/vittrakronhusparken\/wp-content\/uploads\/sites\/403\/2025\/11\/20251217_192319-629x1536.jpg 629w, https:\/\/tekniktavlingen.chalmers.se\/vittrakronhusparken\/wp-content\/uploads\/sites\/403\/2025\/11\/20251217_192319-839x2048.jpg 839w, https:\/\/tekniktavlingen.chalmers.se\/vittrakronhusparken\/wp-content\/uploads\/sites\/403\/2025\/11\/20251217_192319-scaled.jpg 1048w\" sizes=\"auto, (max-width: 419px) 100vw, 419px\" \/><\/div><div class=\"recent-post-content\"><h3>My Cold Sun Journey<\/h3><span class=\"arrow-icon\" aria-hidden=\"true\"><svg width=\"24\" height=\"24\" fill=\"none\" xmlns=\"http:\/\/www.w3.org\/2000\/svg\"><path d=\"M12 4l8 8-8 8M4 12h16\" stroke=\"#000\" stroke-width=\"2\" stroke-linecap=\"round\" stroke-linejoin=\"round\"\/><\/svg><\/span><\/div><\/a><a href=\"https:\/\/tekniktavlingen.chalmers.se\/vittrakronhusparken\/2025\/12\/19\/x-bags\/\" class=\"recent-post-item\"><div class=\"recent-post-img\"><img loading=\"lazy\" decoding=\"async\" width=\"419\" height=\"1024\" src=\"https:\/\/tekniktavlingen.chalmers.se\/vittrakronhusparken\/wp-content\/uploads\/sites\/403\/2025\/11\/20251219_172857-419x1024.jpg\" class=\"attachment-large size-large wp-post-image\" alt=\"\" srcset=\"https:\/\/tekniktavlingen.chalmers.se\/vittrakronhusparken\/wp-content\/uploads\/sites\/403\/2025\/11\/20251219_172857-419x1024.jpg 419w, https:\/\/tekniktavlingen.chalmers.se\/vittrakronhusparken\/wp-content\/uploads\/sites\/403\/2025\/11\/20251219_172857-123x300.jpg 123w, https:\/\/tekniktavlingen.chalmers.se\/vittrakronhusparken\/wp-content\/uploads\/sites\/403\/2025\/11\/20251219_172857-768x1875.jpg 768w, https:\/\/tekniktavlingen.chalmers.se\/vittrakronhusparken\/wp-content\/uploads\/sites\/403\/2025\/11\/20251219_172857-629x1536.jpg 629w, https:\/\/tekniktavlingen.chalmers.se\/vittrakronhusparken\/wp-content\/uploads\/sites\/403\/2025\/11\/20251219_172857-839x2048.jpg 839w, https:\/\/tekniktavlingen.chalmers.se\/vittrakronhusparken\/wp-content\/uploads\/sites\/403\/2025\/11\/20251219_172857-scaled.jpg 1048w\" sizes=\"auto, (max-width: 419px) 100vw, 419px\" \/><\/div><div class=\"recent-post-content\"><h3>X-bags<\/h3><span class=\"arrow-icon\" aria-hidden=\"true\"><svg width=\"24\" height=\"24\" fill=\"none\" xmlns=\"http:\/\/www.w3.org\/2000\/svg\"><path d=\"M12 4l8 8-8 8M4 12h16\" stroke=\"#000\" stroke-width=\"2\" stroke-linecap=\"round\" stroke-linejoin=\"round\"\/><\/svg><\/span><\/div><\/a><\/div><\/div>\n<\/div>\n\n\n\n<p><\/p>\n","protected":false},"excerpt":{"rendered":"","protected":false},"author":3,"featured_media":0,"parent":0,"menu_order":0,"comment_status":"closed","ping_status":"open","template":"","meta":{"_themeisle_gutenberg_block_has_review":false,"footnotes":""},"class_list":["post-2","page","type-page","status-publish","hentry"],"_links":{"self":[{"href":"https:\/\/tekniktavlingen.chalmers.se\/vittrakronhusparken\/wp-json\/wp\/v2\/pages\/2","targetHints":{"allow":["GET"]}}],"collection":[{"href":"https:\/\/tekniktavlingen.chalmers.se\/vittrakronhusparken\/wp-json\/wp\/v2\/pages"}],"about":[{"href":"https:\/\/tekniktavlingen.chalmers.se\/vittrakronhusparken\/wp-json\/wp\/v2\/types\/page"}],"author":[{"embeddable":true,"href":"https:\/\/tekniktavlingen.chalmers.se\/vittrakronhusparken\/wp-json\/wp\/v2\/users\/3"}],"replies":[{"embeddable":true,"href":"https:\/\/tekniktavlingen.chalmers.se\/vittrakronhusparken\/wp-json\/wp\/v2\/comments?post=2"}],"version-history":[{"count":27,"href":"https:\/\/tekniktavlingen.chalmers.se\/vittrakronhusparken\/wp-json\/wp\/v2\/pages\/2\/revisions"}],"predecessor-version":[{"id":271,"href":"https:\/\/tekniktavlingen.chalmers.se\/vittrakronhusparken\/wp-json\/wp\/v2\/pages\/2\/revisions\/271"}],"wp:attachment":[{"href":"https:\/\/tekniktavlingen.chalmers.se\/vittrakronhusparken\/wp-json\/wp\/v2\/media?parent=2"}],"curies":[{"name":"wp","href":"https:\/\/api.w.org\/{rel}","templated":true}]}}